{"id":3,"date":"2025-08-01T18:47:08","date_gmt":"2025-08-01T18:47:08","guid":{"rendered":"http:\/\/lamu-aromatherapie.be\/?page_id=3"},"modified":"2025-09-08T18:08:30","modified_gmt":"2025-09-08T16:08:30","slug":"privacy-policy","status":"publish","type":"page","link":"https:\/\/lamu-aromatherapie.be\/?page_id=3","title":{"rendered":"Politique de confidentialit\u00e9"},"content":{"rendered":"\r\n<h2 class=\"wp-block-heading\" data-start=\"203\" data-end=\"223\">Qui sommes-nous<\/h2>\r\n<p data-start=\"224\" data-end=\"426\">Le site <strong data-start=\"232\" data-end=\"257\">lamu-aromatherapie.be<\/strong> est g\u00e9r\u00e9 par Murielle Lambert, praticienne en aromath\u00e9rapie et en aromacologie.<br data-start=\"337\" data-end=\"340\" \/>Vous pouvez nous contacter \u00e0 l\u2019adresse suivante : <strong data-start=\"390\" data-end=\"423\"><a class=\"decorated-link cursor-pointer\" rel=\"noopener\" data-start=\"392\" data-end=\"421\">contact@lamu-aromatherapie.be<\/a><\/strong>.<\/p>\r\n<h2 data-start=\"428\" data-end=\"445\">Commentaires<\/h2>\r\n<p data-start=\"446\" data-end=\"687\">Lorsque vous laissez un commentaire sur le site, nous collectons les donn\u00e9es inscrites dans le formulaire de commentaire, ainsi que votre adresse IP et l\u2019agent utilisateur de votre navigateur afin de nous aider \u00e0 d\u00e9tecter les ind\u00e9sirables.<\/p>\r\n<p data-start=\"689\" data-end=\"1096\">Une cha\u00eene anonymis\u00e9e cr\u00e9\u00e9e \u00e0 partir de votre adresse e-mail (aussi appel\u00e9e <em data-start=\"765\" data-end=\"771\">hash<\/em>) peut \u00eatre envoy\u00e9e au service Gravatar pour v\u00e9rifier si vous l\u2019utilisez. La politique de confidentialit\u00e9 du service Gravatar est disponible ici : <a class=\"decorated-link\" href=\"https:\/\/automattic.com\/privacy\/\" target=\"_new\" rel=\"noopener\" data-start=\"918\" data-end=\"984\">https:\/\/automattic.com\/privacy\/<\/a>.<br data-start=\"985\" data-end=\"988\" \/>Apr\u00e8s validation de votre commentaire, votre photo de profil sera visible publiquement \u00e0 c\u00f4t\u00e9 de celui-ci.<\/p>\r\n<h2 data-start=\"1098\" data-end=\"1109\">M\u00e9dias<\/h2>\r\n<p data-start=\"1110\" data-end=\"1358\">Si vous t\u00e9l\u00e9versez des images sur le site, vous devez \u00e9viter de t\u00e9l\u00e9verser des images contenant des donn\u00e9es de localisation int\u00e9gr\u00e9es (EXIF GPS). Les visiteurs du site peuvent t\u00e9l\u00e9charger et extraire les donn\u00e9es de localisation depuis ces images.<\/p>\r\n<h2 data-start=\"1360\" data-end=\"1372\">Cookies<\/h2>\r\n<ul data-start=\"1373\" data-end=\"2573\">\r\n<li data-start=\"1373\" data-end=\"1675\">\r\n<p data-start=\"1375\" data-end=\"1675\">Si vous laissez un commentaire sur notre site, il vous sera propos\u00e9 d\u2019enregistrer votre nom, adresse e-mail et site web dans des cookies. Ceci est pour votre confort afin de ne pas avoir \u00e0 saisir ces informations si vous laissez un autre commentaire plus tard. Ces cookies expirent au bout d\u2019un an.<\/p>\r\n<\/li>\r\n<li data-start=\"1676\" data-end=\"1906\">\r\n<p data-start=\"1678\" data-end=\"1906\">Si vous acc\u00e9dez \u00e0 la page de connexion, un cookie temporaire sera cr\u00e9\u00e9 afin de d\u00e9terminer si votre navigateur accepte les cookies. Il ne contient pas de donn\u00e9es personnelles et sera supprim\u00e9 \u00e0 la fermeture de votre navigateur.<\/p>\r\n<\/li>\r\n<li data-start=\"1907\" data-end=\"2322\">\r\n<p data-start=\"1909\" data-end=\"2322\">Lorsque vous vous connectez, nous mettons en place plusieurs cookies pour enregistrer vos informations de connexion et vos pr\u00e9f\u00e9rences d\u2019affichage. La dur\u00e9e de vie d\u2019un cookie de connexion est de deux jours, celle d\u2019un cookie d\u2019option d\u2019\u00e9cran est d\u2019un an. Si vous cochez \u00ab Se souvenir de moi \u00bb, votre connexion sera conserv\u00e9e pendant deux semaines. En vous d\u00e9connectant, les cookies de connexion seront effac\u00e9s.<\/p>\r\n<\/li>\r\n<li data-start=\"2323\" data-end=\"2573\">\r\n<p data-start=\"2325\" data-end=\"2573\">En cas de modification ou publication d\u2019un article, un cookie suppl\u00e9mentaire sera enregistr\u00e9 dans votre navigateur. Ce cookie ne contient aucune donn\u00e9e personnelle et indique simplement l\u2019identifiant de l\u2019article modifi\u00e9. Il expire apr\u00e8s un jour.<\/p>\r\n<\/li>\r\n<\/ul>\r\n<h2 data-start=\"2575\" data-end=\"2619\">Contenus int\u00e9gr\u00e9s depuis d\u2019autres sites<\/h2>\r\n<p data-start=\"2620\" data-end=\"3079\">Les articles de ce site peuvent inclure des contenus int\u00e9gr\u00e9s (par exemple des vid\u00e9os, images, articles\u2026).<br data-start=\"2726\" data-end=\"2729\" \/>Le contenu int\u00e9gr\u00e9 depuis d\u2019autres sites se comporte de la m\u00eame mani\u00e8re que si le visiteur se rendait sur cet autre site.<br data-start=\"2850\" data-end=\"2853\" \/>Ces sites web pourraient collecter des donn\u00e9es sur vous, utiliser des cookies, embarquer des outils de suivis tiers, suivre vos interactions avec ces contenus int\u00e9gr\u00e9s si vous disposez d\u2019un compte connect\u00e9 sur leur site web.<\/p>\r\n<h2 data-start=\"3081\" data-end=\"3121\">Avec qui vos donn\u00e9es sont partag\u00e9es<\/h2>\r\n<p data-start=\"3122\" data-end=\"3243\">Si vous demandez une r\u00e9initialisation de mot de passe, votre adresse IP sera incluse dans l\u2019e-mail de r\u00e9initialisation.<\/p>\r\n<h2 data-start=\"3245\" data-end=\"3283\">Dur\u00e9es de stockage de vos donn\u00e9es<\/h2>\r\n<ul data-start=\"3284\" data-end=\"3876\">\r\n<li data-start=\"3284\" data-end=\"3517\">\r\n<p data-start=\"3286\" data-end=\"3517\">Si vous laissez un commentaire, le commentaire et ses m\u00e9tadonn\u00e9es sont conserv\u00e9s ind\u00e9finiment. Cela permet de reconna\u00eetre et d\u2019approuver automatiquement les commentaires suivants au lieu de les laisser dans la file de mod\u00e9ration.<\/p>\r\n<\/li>\r\n<li data-start=\"3518\" data-end=\"3876\">\r\n<p data-start=\"3520\" data-end=\"3876\">Pour les utilisateurs qui s\u2019inscrivent sur notre site (si cela existe), nous stockons \u00e9galement les donn\u00e9es personnelles indiqu\u00e9es dans leur profil. Tous les utilisateurs peuvent voir, modifier ou supprimer leurs informations personnelles \u00e0 tout moment (sauf leur identifiant). Les administrateurs du site peuvent aussi voir et modifier ces informations.<\/p>\r\n<\/li>\r\n<\/ul>\r\n<h2 data-start=\"3878\" data-end=\"3923\">Les droits que vous avez sur vos donn\u00e9es<\/h2>\r\n<p data-start=\"3924\" data-end=\"4339\">Si vous avez un compte ou si vous avez laiss\u00e9 des commentaires sur le site, vous pouvez demander \u00e0 recevoir un fichier contenant toutes les donn\u00e9es personnelles que nous poss\u00e9dons \u00e0 votre sujet, incluant celles que vous nous avez fournies. Vous pouvez aussi demander la suppression de vos donn\u00e9es personnelles. Cela ne prend pas en compte les donn\u00e9es conserv\u00e9es \u00e0 des fins administratives, l\u00e9gales ou de s\u00e9curit\u00e9.<\/p>\r\n<h2 data-start=\"4341\" data-end=\"4374\">O\u00f9 vos donn\u00e9es sont envoy\u00e9es<\/h2>\r\n<p data-start=\"4375\" data-end=\"4506\">Les commentaires des visiteurs peuvent \u00eatre v\u00e9rifi\u00e9s \u00e0 l\u2019aide d\u2019un service automatis\u00e9 de d\u00e9tection des commentaires ind\u00e9sirables.<\/p>","protected":false},"excerpt":{"rendered":"<p>Qui sommes-nous Le site lamu-aromatherapie.be est g\u00e9r\u00e9 par Murielle Lambert, praticienne en aromath\u00e9rapie et en aromacologie.Vous pouvez nous contacter \u00e0 [&hellip;]<\/p>\n","protected":false},"author":1,"featured_media":0,"parent":0,"menu_order":0,"comment_status":"closed","ping_status":"open","template":"","meta":{"site-sidebar-layout":"default","site-content-layout":"","ast-site-content-layout":"default","site-content-style":"default","site-sidebar-style":"default","ast-global-header-display":"","ast-banner-title-visibility":"","ast-main-header-display":"","ast-hfb-above-header-display":"","ast-hfb-below-header-display":"","ast-hfb-mobile-header-display":"","site-post-title":"","ast-breadcrumbs-content":"","ast-featured-img":"","footer-sml-layout":"","theme-transparent-header-meta":"","adv-header-id-meta":"","stick-header-meta":"","header-above-stick-meta":"","header-main-stick-meta":"","header-below-stick-meta":"","astra-migrate-meta-layouts":"default","ast-page-background-enabled":"default","ast-page-background-meta":{"desktop":{"background-color":"var(--ast-global-color-5)","background-image":"","background-repeat":"repeat","background-position":"center center","background-size":"auto","background-attachment":"scroll","background-type":"","background-media":"","overlay-type":"","overlay-color":"","overlay-opacity":"","overlay-gradient":""},"tablet":{"background-color":"","background-image":"","background-repeat":"repeat","background-position":"center center","background-size":"auto","background-attachment":"scroll","background-type":"","background-media":"","overlay-type":"","overlay-color":"","overlay-opacity":"","overlay-gradient":""},"mobile":{"background-color":"","background-image":"","background-repeat":"repeat","background-position":"center center","background-size":"auto","background-attachment":"scroll","background-type":"","background-media":"","overlay-type":"","overlay-color":"","overlay-opacity":"","overlay-gradient":""}},"ast-content-background-meta":{"desktop":{"background-color":"var(--ast-global-color-4)","background-image":"","background-repeat":"repeat","background-position":"center center","background-size":"auto","background-attachment":"scroll","background-type":"","background-media":"","overlay-type":"","overlay-color":"","overlay-opacity":"","overlay-gradient":""},"tablet":{"background-color":"var(--ast-global-color-4)","background-image":"","background-repeat":"repeat","background-position":"center center","background-size":"auto","background-attachment":"scroll","background-type":"","background-media":"","overlay-type":"","overlay-color":"","overlay-opacity":"","overlay-gradient":""},"mobile":{"background-color":"var(--ast-global-color-4)","background-image":"","background-repeat":"repeat","background-position":"center center","background-size":"auto","background-attachment":"scroll","background-type":"","background-media":"","overlay-type":"","overlay-color":"","overlay-opacity":"","overlay-gradient":""}},"footnotes":""},"class_list":["post-3","page","type-page","status-publish","hentry"],"yoast_head":"<!-- This site is optimized with the Yoast SEO plugin v27.3 - https:\/\/yoast.com\/product\/yoast-seo-wordpress\/ -->\n<title>Politique de confidentialit\u00e9 - Murielle Lambert<\/title>\n<meta name=\"robots\" content=\"index, follow, max-snippet:-1, max-image-preview:large, max-video-preview:-1\" \/>\n<link rel=\"canonical\" href=\"https:\/\/lamu-aromatherapie.be\/?page_id=3\" \/>\n<meta property=\"og:locale\" content=\"fr_FR\" \/>\n<meta property=\"og:type\" content=\"article\" \/>\n<meta property=\"og:title\" content=\"Politique de confidentialit\u00e9 - Murielle Lambert\" \/>\n<meta property=\"og:description\" content=\"Qui sommes-nous Le site lamu-aromatherapie.be est g\u00e9r\u00e9 par Murielle Lambert, praticienne en aromath\u00e9rapie et en aromacologie.Vous pouvez nous contacter \u00e0 [&hellip;]\" \/>\n<meta property=\"og:url\" content=\"https:\/\/lamu-aromatherapie.be\/?page_id=3\" \/>\n<meta property=\"og:site_name\" content=\"Murielle Lambert\" \/>\n<meta property=\"article:modified_time\" content=\"2025-09-08T16:08:30+00:00\" \/>\n<meta name=\"twitter:card\" content=\"summary_large_image\" \/>\n<meta name=\"twitter:label1\" content=\"Dur\u00e9e de lecture est.\" \/>\n\t<meta name=\"twitter:data1\" content=\"4 minutes\" \/>\n<script type=\"application\/ld+json\" class=\"yoast-schema-graph\">{\"@context\":\"https:\\\/\\\/schema.org\",\"@graph\":[{\"@type\":\"WebPage\",\"@id\":\"https:\\\/\\\/lamu-aromatherapie.be\\\/?page_id=3\",\"url\":\"https:\\\/\\\/lamu-aromatherapie.be\\\/?page_id=3\",\"name\":\"Politique de confidentialit\u00e9 - Murielle Lambert\",\"isPartOf\":{\"@id\":\"https:\\\/\\\/lamu-aromatherapie.be\\\/#website\"},\"datePublished\":\"2025-08-01T18:47:08+00:00\",\"dateModified\":\"2025-09-08T16:08:30+00:00\",\"breadcrumb\":{\"@id\":\"https:\\\/\\\/lamu-aromatherapie.be\\\/?page_id=3#breadcrumb\"},\"inLanguage\":\"fr-BE\",\"potentialAction\":[{\"@type\":\"ReadAction\",\"target\":[\"https:\\\/\\\/lamu-aromatherapie.be\\\/?page_id=3\"]}]},{\"@type\":\"BreadcrumbList\",\"@id\":\"https:\\\/\\\/lamu-aromatherapie.be\\\/?page_id=3#breadcrumb\",\"itemListElement\":[{\"@type\":\"ListItem\",\"position\":1,\"name\":\"Accueil\",\"item\":\"https:\\\/\\\/lamu-aromatherapie.be\\\/\"},{\"@type\":\"ListItem\",\"position\":2,\"name\":\"Politique de confidentialit\u00e9\"}]},{\"@type\":\"WebSite\",\"@id\":\"https:\\\/\\\/lamu-aromatherapie.be\\\/#website\",\"url\":\"https:\\\/\\\/lamu-aromatherapie.be\\\/\",\"name\":\"Murielle Lambert\",\"description\":\"Praticienne en aromath\u00e9rapie &amp; aromacologie\",\"publisher\":{\"@id\":\"https:\\\/\\\/lamu-aromatherapie.be\\\/#organization\"},\"potentialAction\":[{\"@type\":\"SearchAction\",\"target\":{\"@type\":\"EntryPoint\",\"urlTemplate\":\"https:\\\/\\\/lamu-aromatherapie.be\\\/?s={search_term_string}\"},\"query-input\":{\"@type\":\"PropertyValueSpecification\",\"valueRequired\":true,\"valueName\":\"search_term_string\"}}],\"inLanguage\":\"fr-BE\"},{\"@type\":\"Organization\",\"@id\":\"https:\\\/\\\/lamu-aromatherapie.be\\\/#organization\",\"name\":\"Murielle Lambert\",\"url\":\"https:\\\/\\\/lamu-aromatherapie.be\\\/\",\"logo\":{\"@type\":\"ImageObject\",\"inLanguage\":\"fr-BE\",\"@id\":\"https:\\\/\\\/lamu-aromatherapie.be\\\/#\\\/schema\\\/logo\\\/image\\\/\",\"url\":\"https:\\\/\\\/lamu-aromatherapie.be\\\/wp-content\\\/uploads\\\/2025\\\/09\\\/Logo-lamu-26.png\",\"contentUrl\":\"https:\\\/\\\/lamu-aromatherapie.be\\\/wp-content\\\/uploads\\\/2025\\\/09\\\/Logo-lamu-26.png\",\"width\":26,\"height\":26,\"caption\":\"Murielle Lambert\"},\"image\":{\"@id\":\"https:\\\/\\\/lamu-aromatherapie.be\\\/#\\\/schema\\\/logo\\\/image\\\/\"}}]}<\/script>\n<!-- \/ Yoast SEO plugin. -->","yoast_head_json":{"title":"Politique de confidentialit\u00e9 - Murielle Lambert","robots":{"index":"index","follow":"follow","max-snippet":"max-snippet:-1","max-image-preview":"max-image-preview:large","max-video-preview":"max-video-preview:-1"},"canonical":"https:\/\/lamu-aromatherapie.be\/?page_id=3","og_locale":"fr_FR","og_type":"article","og_title":"Politique de confidentialit\u00e9 - Murielle Lambert","og_description":"Qui sommes-nous Le site lamu-aromatherapie.be est g\u00e9r\u00e9 par Murielle Lambert, praticienne en aromath\u00e9rapie et en aromacologie.Vous pouvez nous contacter \u00e0 [&hellip;]","og_url":"https:\/\/lamu-aromatherapie.be\/?page_id=3","og_site_name":"Murielle Lambert","article_modified_time":"2025-09-08T16:08:30+00:00","twitter_card":"summary_large_image","twitter_misc":{"Dur\u00e9e de lecture est.":"4 minutes"},"schema":{"@context":"https:\/\/schema.org","@graph":[{"@type":"WebPage","@id":"https:\/\/lamu-aromatherapie.be\/?page_id=3","url":"https:\/\/lamu-aromatherapie.be\/?page_id=3","name":"Politique de confidentialit\u00e9 - Murielle Lambert","isPartOf":{"@id":"https:\/\/lamu-aromatherapie.be\/#website"},"datePublished":"2025-08-01T18:47:08+00:00","dateModified":"2025-09-08T16:08:30+00:00","breadcrumb":{"@id":"https:\/\/lamu-aromatherapie.be\/?page_id=3#breadcrumb"},"inLanguage":"fr-BE","potentialAction":[{"@type":"ReadAction","target":["https:\/\/lamu-aromatherapie.be\/?page_id=3"]}]},{"@type":"BreadcrumbList","@id":"https:\/\/lamu-aromatherapie.be\/?page_id=3#breadcrumb","itemListElement":[{"@type":"ListItem","position":1,"name":"Accueil","item":"https:\/\/lamu-aromatherapie.be\/"},{"@type":"ListItem","position":2,"name":"Politique de confidentialit\u00e9"}]},{"@type":"WebSite","@id":"https:\/\/lamu-aromatherapie.be\/#website","url":"https:\/\/lamu-aromatherapie.be\/","name":"Murielle Lambert","description":"Praticienne en aromath\u00e9rapie &amp; aromacologie","publisher":{"@id":"https:\/\/lamu-aromatherapie.be\/#organization"},"potentialAction":[{"@type":"SearchAction","target":{"@type":"EntryPoint","urlTemplate":"https:\/\/lamu-aromatherapie.be\/?s={search_term_string}"},"query-input":{"@type":"PropertyValueSpecification","valueRequired":true,"valueName":"search_term_string"}}],"inLanguage":"fr-BE"},{"@type":"Organization","@id":"https:\/\/lamu-aromatherapie.be\/#organization","name":"Murielle Lambert","url":"https:\/\/lamu-aromatherapie.be\/","logo":{"@type":"ImageObject","inLanguage":"fr-BE","@id":"https:\/\/lamu-aromatherapie.be\/#\/schema\/logo\/image\/","url":"https:\/\/lamu-aromatherapie.be\/wp-content\/uploads\/2025\/09\/Logo-lamu-26.png","contentUrl":"https:\/\/lamu-aromatherapie.be\/wp-content\/uploads\/2025\/09\/Logo-lamu-26.png","width":26,"height":26,"caption":"Murielle Lambert"},"image":{"@id":"https:\/\/lamu-aromatherapie.be\/#\/schema\/logo\/image\/"}}]}},"_links":{"self":[{"href":"https:\/\/lamu-aromatherapie.be\/index.php?rest_route=\/wp\/v2\/pages\/3","targetHints":{"allow":["GET"]}}],"collection":[{"href":"https:\/\/lamu-aromatherapie.be\/index.php?rest_route=\/wp\/v2\/pages"}],"about":[{"href":"https:\/\/lamu-aromatherapie.be\/index.php?rest_route=\/wp\/v2\/types\/page"}],"author":[{"embeddable":true,"href":"https:\/\/lamu-aromatherapie.be\/index.php?rest_route=\/wp\/v2\/users\/1"}],"replies":[{"embeddable":true,"href":"https:\/\/lamu-aromatherapie.be\/index.php?rest_route=%2Fwp%2Fv2%2Fcomments&post=3"}],"version-history":[{"count":2,"href":"https:\/\/lamu-aromatherapie.be\/index.php?rest_route=\/wp\/v2\/pages\/3\/revisions"}],"predecessor-version":[{"id":7,"href":"https:\/\/lamu-aromatherapie.be\/index.php?rest_route=\/wp\/v2\/pages\/3\/revisions\/7"}],"wp:attachment":[{"href":"https:\/\/lamu-aromatherapie.be\/index.php?rest_route=%2Fwp%2Fv2%2Fmedia&parent=3"}],"curies":[{"name":"wp","href":"https:\/\/api.w.org\/{rel}","templated":true}]}}